{"id":54,"date":"2019-05-21T17:41:01","date_gmt":"2019-05-21T20:41:01","guid":{"rendered":"http:\/\/luminafactoria.cl\/?page_id=54"},"modified":"2022-02-11T12:43:59","modified_gmt":"2022-02-11T15:43:59","slug":"blog","status":"publish","type":"page","link":"https:\/\/luminafactoria.cl\/?page_id=54","title":{"rendered":"Blog"},"content":{"rendered":"\n<h2 class=\"wp-block-heading\" id=\"arte-y-patrimonio-con-fecha-de-vencimiento\"><strong>\u00bfArte\ny patrimonio con fecha de vencimiento?<\/strong><\/h2>\n\n\n\n<p>En 2017, en el marco del Hecho en Casa\nFest, el equipo de 5 artistas pl\u00e1sticos, encabezado por Luis N\u00fa\u00f1ez, pint\u00f3 un\nmural en un edificio de alto valor arquitect\u00f3nico, ubicado en la calle Rosal\n312, en el coraz\u00f3n del Barrio Lastarria, en Santiago.<\/p>\n\n\n\n<p>En su obra, el artista recre\u00f3 una escena que\npudo haber ocurrido cualquier d\u00eda, en el mismo barrio, por ah\u00ed por 1900. El\nmural no tard\u00f3 en llamar la atenci\u00f3n de transe\u00fantes y paseantes, convirti\u00e9ndose\nen un nuevo foco de atenci\u00f3n del tur\u00edstico barrio.<\/p>\n\n\n\n<p>Sin embargo, aqu\u00ed vienen la letra chica y\nlos resquicios legales: la obra ten\u00eda un permiso de 6 meses y, una vez\nconcluido el plazo, los organizadores del festival se compromet\u00edan a devolver\nal inmueble su apariencia previa y original.<\/p>\n\n\n\n<p>Sin embargo, se cumplieron los 6 meses y no\nsucedi\u00f3 nada: la obra continuaba en su lugar, transform\u00e1ndose en patrimonio y parte\ndel paisaje urbano de dicho barrio: ya se hab\u00eda hecho habitual ver a visitantes\nlocales y turistas extranjeros fotografi\u00e1ndose frente a la obra que, por su\ncar\u00e1cter hiperrealista, le otorgaba profundidad a la calle y sus personajes\nparec\u00edan mezclarse e interactuar con las personas que circulaban por ah\u00ed.<\/p>\n\n\n\n<p>No obstante, cuando ya se pensaba que hab\u00eda\n\u201cpasado la vieja\u201d, la comunidad de residentes del edificio present\u00f3 un reclamo,\nexigiendo el cumplimiento a lo estipulado en las bases del festival. As\u00ed, ante\nel estupor de vecinos y personas que circulaban por Lastarria la tarde del\nmartes 18 de junio, un grupo de funcionarios municipales, premunido de brochas,\nrodillos y galones de pintura blanca, conden\u00f3 al olvido a este querido mural.<\/p>\n\n\n\n<p>\u00bfEstaba estipulado en las bases el borrado\ndel mural? S\u00ed. \u00bfEstaba en su derecho la comunidad de residentes de exigir el\ncumplimiento del compromiso? Tambi\u00e9n. No obstante, tanto en la vida como en el\narte, nada es completamente blanco ni enteramente negro. Quiz\u00e1s, antes del\nprimer brochazo de pintura blanca, habr\u00eda sido positivo buscar el di\u00e1logo y el consenso\nentre las partes involucradas: la comunidad de residentes, el ministerio de las\nCulturas y la Municipalidad de Santiago, con el objetivo de conservar el mural\nde N\u00fa\u00f1ez, ya adoptado como patrimonio barrial.<\/p>\n\n\n\n<p>Para zanjar la pol\u00e9mica, el Alcalde de\nSantiago, Felipe Alessandri, declar\u00f3 haberse puesto en contacto con Luis N\u00fa\u00f1ez\npara trabajar en una nueva obra, argumentando que los muros en la comuna de\nSantiago sobran. Como si un nuevo mural reemplazara la p\u00e9rdida del otro. Como\nsi el arte, la cultura y el patrimonio fueran desechables y, al igual que un\nyogurth, tuvieran fecha de vencimiento.<\/p>\n\n\n\n<h2 class=\"wp-block-heading\" id=\"ya-esta-disponible-el-libro-el-mandinga-historias-del-diablo-en-la-zona-central-de-chile\"><strong>Ya est\u00e1 disponible el libro \u201cEl Mandinga: historias del diablo en la zona central de Chile\u201d<\/strong><\/h2>\n\n\n\n<p><\/p>\n\n\n\n<p><strong>Luego de casi 3 a\u00f1os de trabajo en terreno y de investigaci\u00f3n, el martes 8 de febrero se desarroll\u00f3 el lanzamiento virtual del libro \u201cEl Mandinga: historias del diablo en la zona central de Chile\u201d, proyecto desarrollado por integrantes de L\u00famina Factor\u00eda y FUCOA.<\/strong><\/p>\n\n\n\n<p>Han sido tres largos a\u00f1os, desde que naci\u00f3 la idea de desarrollar un libro que recopilara las historias y leyendas del diablo en la zona central de Chile, como parte de nuestro patrimonio inmaterial. Este libro, financiado por la Fundaci\u00f3n de Comunicaciones, Capacitaci\u00f3n y Cultura del Agro (FUCOA), dependiente del Ministerio de Agricultura; escrito por Pablo Poduje y con fotograf\u00edas de Paula Garc\u00eda, representantes de L\u00famina Factor\u00eda; vio la luz el martes 8 de febrero, fecha en que se realiz\u00f3 la ceremonia virtual de su lanzamiento.<\/p>\n\n\n\n<p>El libro, disponible en versi\u00f3n digital, recopila y describe leyendas protagonizadas por el Cola de Flecha en distintos territorios y localidades de la zona central de Chile, desde el Valle del Elqui hasta Huala\u00f1e, con escalas en Petorca, Alhu\u00e9, Valpara\u00edso, Pirque, Do\u00f1ihue, Peumo, Pe\u00f1aflor, entre otras.<\/p>\n\n\n\n<p>Esta publicaci\u00f3n cumple con el objetivo de preservar estas leyendas que, tradicionalmente, pasaban de generaci\u00f3n en generaci\u00f3n, alrededor de un bracero, un fog\u00f3n o compartiendo un mate y que, lamentablemente, se ha ido perdiendo. Las nuevas generaciones pr\u00e1cticamente no participan de ese tipo de encuentros, por lo tanto, estas leyendas se han ido apagando, no por p\u00e9rdida de memoria, sino m\u00e1s bien, por falta de audiencia: los tel\u00e9fonos celulares, las redes sociales, las consolas de juegos e Internet han monopolizado la capacidad de asombro de las nuevas generaciones y tambi\u00e9n han secuestrado su imaginaci\u00f3n.<\/p>\n\n\n\n<p>El libro \u201cEl Mandinga: historias del diablo en la zona central de Chile\u201d es una demostraci\u00f3n que este personaje est\u00e1 plenamente vigente en el mundo rural en la actualidad: las personas evitan hablar del diablo, incluso, son reacios s pronunciar su nombre, como si su sola menci\u00f3n fuese una forma de invocarlos.<\/p>\n\n\n\n<p>Los invitamos a leer estas historias sobre este diablo chileno que, dependiendo del territorio, puede ser un gran se\u00f1or y, en otros, un pobre diablo.<\/p>\n\n\n\n<p>Revisa la versi\u00f3n papel digital del libro \u201cEl Mandinga: historias del diablo en la zona central de Chile\u201d pinchando este link:<\/p>\n\n\n\n<p><a href=\"https:\/\/fucoa.cl\/publicaciones\/mandinga\/\">https:\/\/fucoa.cl\/publicaciones\/mandinga\/<\/a><\/p>\n\n\n\n<figure class=\"wp-block-embed is-type-video is-provider-youtube wp-block-embed-youtube wp-embed-aspect-16-9 wp-has-aspect-ratio\"><div class=\"wp-block-embed__wrapper\">\n<iframe loading=\"lazy\" title=\"Lanzamiento del libro El Mandinga\" width=\"525\" height=\"295\" src=\"https:\/\/www.youtube.com\/embed\/H3ZgASKclAI?start=1867&#038;feature=oembed\" frameborder=\"0\" allow=\"accelerometer; autoplay; clipboard-write; encrypted-media; gyroscope; picture-in-picture; web-share\" referrerpolicy=\"strict-origin-when-cross-origin\" allowfullscreen><\/iframe>\n<\/div><\/figure>\n\n\n\n<p><\/p>\n","protected":false},"excerpt":{"rendered":"<p>\u00bfArte y patrimonio con fecha de vencimiento? En 2017, en el marco del Hecho en Casa Fest, el equipo de 5 artistas pl\u00e1sticos, encabezado por Luis N\u00fa\u00f1ez, pint\u00f3 un mural en un edificio de alto valor arquitect\u00f3nico, ubicado en la calle Rosal 312, en el coraz\u00f3n del Barrio Lastarria, en Santiago. En su obra, el &hellip; <\/p>\n<p class=\"link-more\"><a href=\"https:\/\/luminafactoria.cl\/?page_id=54\" class=\"more-link\">Continua leyendo<span class=\"screen-reader-text\"> &#8220;Blog&#8221;<\/span><\/a><\/p>\n","protected":false},"author":2,"featured_media":0,"parent":0,"menu_order":8,"comment_status":"closed","ping_status":"closed","template":"","meta":{"footnotes":""},"class_list":["post-54","page","type-page","status-publish","hentry"],"_links":{"self":[{"href":"https:\/\/luminafactoria.cl\/index.php?rest_route=\/wp\/v2\/pages\/54","targetHints":{"allow":["GET"]}}],"collection":[{"href":"https:\/\/luminafactoria.cl\/index.php?rest_route=\/wp\/v2\/pages"}],"about":[{"href":"https:\/\/luminafactoria.cl\/index.php?rest_route=\/wp\/v2\/types\/page"}],"author":[{"embeddable":true,"href":"https:\/\/luminafactoria.cl\/index.php?rest_route=\/wp\/v2\/users\/2"}],"replies":[{"embeddable":true,"href":"https:\/\/luminafactoria.cl\/index.php?rest_route=%2Fwp%2Fv2%2Fcomments&post=54"}],"version-history":[{"count":4,"href":"https:\/\/luminafactoria.cl\/index.php?rest_route=\/wp\/v2\/pages\/54\/revisions"}],"predecessor-version":[{"id":255,"href":"https:\/\/luminafactoria.cl\/index.php?rest_route=\/wp\/v2\/pages\/54\/revisions\/255"}],"wp:attachment":[{"href":"https:\/\/luminafactoria.cl\/index.php?rest_route=%2Fwp%2Fv2%2Fmedia&parent=54"}],"curies":[{"name":"wp","href":"https:\/\/api.w.org\/{rel}","templated":true}]}}