{"id":44,"date":"2019-05-21T17:37:36","date_gmt":"2019-05-21T20:37:36","guid":{"rendered":"http:\/\/luminafactoria.cl\/?page_id=44"},"modified":"2019-06-05T11:51:59","modified_gmt":"2019-06-05T14:51:59","slug":"mision-vision","status":"publish","type":"page","link":"https:\/\/luminafactoria.cl\/?page_id=44","title":{"rendered":"Misi\u00f3n \/ Visi\u00f3n"},"content":{"rendered":"\n<h2 class=\"wp-block-heading\">\u00a1Por que queremos un pa\u00eds con memoria!<\/h2>\n\n\n\n<p><\/p>\n\n\n\n<p>\u00bfDe qu\u00e9 hablamos cuando hablamos de la memoria de un pa\u00eds? \u00bfDe recuerdos?  \u00bfDe vivencias? \u00bfDe relatos propios y ajenos? \u00bfDe historia, acaso?<\/p>\n\n\n\n<p>La memoria la componen cuatro pilares fundamentales: la <strong>identidad<\/strong>, el <strong>sentido de pertenencia<\/strong>, la <strong>motivaci\u00f3n <\/strong>y la <strong>trascendencia<\/strong>. <\/p>\n\n\n\n<p>La <strong>identidad <\/strong>corresponde a qui\u00e9nes somos, y a c\u00f3mo nos reconocemos a nosotros y al otro, ya sea por la individualidad, personalidad o preferencias. El <strong>sentido de pertenencia<\/strong> corresponde a las costumbres arraigadas que nos permiten cohesionarnos colectivamente, y que retraten un sentido de familiaridad y sinton\u00eda. La <strong>motivaci\u00f3n <\/strong>es aquella fuerza y convicci\u00f3n interior que impulsa a perseguir, repetir y perfeccionar legados y tradiciones del grupo social al cual se pertenece. La <strong>trascendencia <\/strong>es la realizaci\u00f3n de que estos actos y costumbres reiterados superan al individuo y terminan cimentando y construyendo lo que se conoce como patrimonio cultural inmaterial.<\/p>\n\n\n\n<p>El patrimonio cultural inmaterial est\u00e1 vivo, muta, se regenera y adec\u00faa, siguiendo los cambios que ocurren en las sociedades. Asumir que si una costumbre est\u00e1 viva hoy, va  a seguir viva ma\u00f1ana es un error. La modernizaci\u00f3n, la tecnolog\u00eda y la globalizaci\u00f3n han hecho que las tradiciones se mezclen, se sincreticen e incluso desaparezcan, afectando y minando la identidad particular de cada pueblo. <\/p>\n\n\n\n<p>Es importante recordar que estas tradiciones existieron, por que nos permite conocernos mejor a nosotros mismos, llenarnos de orgullo y quiz\u00e1s acompa\u00f1arlo de un poco de a\u00f1oranza.<\/p>\n\n\n\n<p>Nuestra misi\u00f3n, entonces, es generar productos comunicacionales que permanezcan y trasciendan, considerando en el proceso de producci\u00f3n a los protagonistas de las tradiciones que nos identifican, de manera de colaborar a la memoria colectiva, aportando a la conservaci\u00f3n del patrimonio inmaterial de nuestro pa\u00eds.<\/p>\n\n\n\n<div class=\"wp-block-image\"><figure class=\"aligncenter\"><img loading=\"lazy\" decoding=\"async\" width=\"1024\" height=\"1024\" src=\"https:\/\/luminafactoria.cl\/wp-content\/uploads\/2019\/05\/DSC_7942-1024x1024.jpg\" alt=\"\" class=\"wp-image-94\" srcset=\"https:\/\/luminafactoria.cl\/wp-content\/uploads\/2019\/05\/DSC_7942-1024x1024.jpg 1024w, https:\/\/luminafactoria.cl\/wp-content\/uploads\/2019\/05\/DSC_7942-150x150.jpg 150w, https:\/\/luminafactoria.cl\/wp-content\/uploads\/2019\/05\/DSC_7942-300x300.jpg 300w, https:\/\/luminafactoria.cl\/wp-content\/uploads\/2019\/05\/DSC_7942-768x768.jpg 768w, https:\/\/luminafactoria.cl\/wp-content\/uploads\/2019\/05\/DSC_7942-200x200.jpg 200w, https:\/\/luminafactoria.cl\/wp-content\/uploads\/2019\/05\/DSC_7942-280x280.jpg 280w, https:\/\/luminafactoria.cl\/wp-content\/uploads\/2019\/05\/DSC_7942-690x690.jpg 690w, https:\/\/luminafactoria.cl\/wp-content\/uploads\/2019\/05\/DSC_7942.jpg 1500w\" sizes=\"auto, (max-width: 706px) 89vw, (max-width: 767px) 82vw, 740px\" \/><figcaption>Pascua de los negros en La Tirana<\/figcaption><\/figure><\/div>\n","protected":false},"excerpt":{"rendered":"<p>\u00a1Por que queremos un pa\u00eds con memoria! \u00bfDe qu\u00e9 hablamos cuando hablamos de la memoria de un pa\u00eds? \u00bfDe recuerdos? \u00bfDe vivencias? \u00bfDe relatos propios y ajenos? \u00bfDe historia, acaso? La memoria la componen cuatro pilares fundamentales: la identidad, el sentido de pertenencia, la motivaci\u00f3n y la trascendencia. La identidad corresponde a qui\u00e9nes somos, y &hellip; <\/p>\n<p class=\"link-more\"><a href=\"https:\/\/luminafactoria.cl\/?page_id=44\" class=\"more-link\">Continua leyendo<span class=\"screen-reader-text\"> &#8220;Misi\u00f3n \/ Visi\u00f3n&#8221;<\/span><\/a><\/p>\n","protected":false},"author":2,"featured_media":0,"parent":0,"menu_order":0,"comment_status":"closed","ping_status":"closed","template":"","meta":{"footnotes":""},"class_list":["post-44","page","type-page","status-publish","hentry"],"_links":{"self":[{"href":"https:\/\/luminafactoria.cl\/index.php?rest_route=\/wp\/v2\/pages\/44","targetHints":{"allow":["GET"]}}],"collection":[{"href":"https:\/\/luminafactoria.cl\/index.php?rest_route=\/wp\/v2\/pages"}],"about":[{"href":"https:\/\/luminafactoria.cl\/index.php?rest_route=\/wp\/v2\/types\/page"}],"author":[{"embeddable":true,"href":"https:\/\/luminafactoria.cl\/index.php?rest_route=\/wp\/v2\/users\/2"}],"replies":[{"embeddable":true,"href":"https:\/\/luminafactoria.cl\/index.php?rest_route=%2Fwp%2Fv2%2Fcomments&post=44"}],"version-history":[{"count":7,"href":"https:\/\/luminafactoria.cl\/index.php?rest_route=\/wp\/v2\/pages\/44\/revisions"}],"predecessor-version":[{"id":174,"href":"https:\/\/luminafactoria.cl\/index.php?rest_route=\/wp\/v2\/pages\/44\/revisions\/174"}],"wp:attachment":[{"href":"https:\/\/luminafactoria.cl\/index.php?rest_route=%2Fwp%2Fv2%2Fmedia&parent=44"}],"curies":[{"name":"wp","href":"https:\/\/api.w.org\/{rel}","templated":true}]}}