{"id":22,"date":"2019-05-21T17:30:05","date_gmt":"2019-05-21T20:30:05","guid":{"rendered":"http:\/\/luminafactoria.cl\/?page_id=22"},"modified":"2019-06-06T14:54:51","modified_gmt":"2019-06-06T17:54:51","slug":"quienes-somos","status":"publish","type":"page","link":"https:\/\/luminafactoria.cl\/?page_id=22","title":{"rendered":"Qui\u00e9nes Somos"},"content":{"rendered":"\n<h4 class=\"wp-block-heading\"> Paula Garc\u00eda <\/h4>\n\n\n\n<p> Paula es licenciada en arte de la Pontificia Universidad Cat\u00f3lica de Chile. Se especializa en fotograf\u00eda patrimonial. Ha colaborado como fot\u00f3grafa en varios libros culturales, antes de comenzar con el proyecto L\u00famina Factor\u00eda. Adem\u00e1s, es artista visual y expone su obra regularmente, tanto dentro como fuera de Chile.<\/p>\n\n\n\n<h4 class=\"wp-block-heading\">Pablo Poduje<\/h4>\n\n\n\n<p>Pablo es publicista de la Universidad Diego Portales. Redactor Creativo. Periodista por (de) formaci\u00f3n profesional. Curtido en la trinchera de la comunicaci\u00f3n corporativa. Apasionado por la comunicaci\u00f3n escrita, fundamentalmente, por los libros, como los mejores guardianes de la memoria. Adicto al aroma que despide un libro al ser abierto por primera vez. M\u00e1quina de escribir. <\/p>\n","protected":false},"excerpt":{"rendered":"<p>Paula Garc\u00eda Paula es licenciada en arte de la Pontificia Universidad Cat\u00f3lica de Chile. Se especializa en fotograf\u00eda patrimonial. Ha colaborado como fot\u00f3grafa en varios libros culturales, antes de comenzar con el proyecto L\u00famina Factor\u00eda. Adem\u00e1s, es artista visual y expone su obra regularmente, tanto dentro como fuera de Chile. Pablo Poduje Pablo es publicista &hellip; <\/p>\n<p class=\"link-more\"><a href=\"https:\/\/luminafactoria.cl\/?page_id=22\" class=\"more-link\">Continua leyendo<span class=\"screen-reader-text\"> &#8220;Qui\u00e9nes Somos&#8221;<\/span><\/a><\/p>\n","protected":false},"author":1,"featured_media":0,"parent":0,"menu_order":1,"comment_status":"closed","ping_status":"closed","template":"","meta":{"footnotes":""},"class_list":["post-22","page","type-page","status-publish","hentry"],"_links":{"self":[{"href":"https:\/\/luminafactoria.cl\/index.php?rest_route=\/wp\/v2\/pages\/22","targetHints":{"allow":["GET"]}}],"collection":[{"href":"https:\/\/luminafactoria.cl\/index.php?rest_route=\/wp\/v2\/pages"}],"about":[{"href":"https:\/\/luminafactoria.cl\/index.php?rest_route=\/wp\/v2\/types\/page"}],"author":[{"embeddable":true,"href":"https:\/\/luminafactoria.cl\/index.php?rest_route=\/wp\/v2\/users\/1"}],"replies":[{"embeddable":true,"href":"https:\/\/luminafactoria.cl\/index.php?rest_route=%2Fwp%2Fv2%2Fcomments&post=22"}],"version-history":[{"count":6,"href":"https:\/\/luminafactoria.cl\/index.php?rest_route=\/wp\/v2\/pages\/22\/revisions"}],"predecessor-version":[{"id":193,"href":"https:\/\/luminafactoria.cl\/index.php?rest_route=\/wp\/v2\/pages\/22\/revisions\/193"}],"wp:attachment":[{"href":"https:\/\/luminafactoria.cl\/index.php?rest_route=%2Fwp%2Fv2%2Fmedia&parent=22"}],"curies":[{"name":"wp","href":"https:\/\/api.w.org\/{rel}","templated":true}]}}