{"id":118,"date":"2019-05-22T19:02:05","date_gmt":"2019-05-22T22:02:05","guid":{"rendered":"https:\/\/luminafactoria.cl\/?page_id=118"},"modified":"2020-09-02T12:40:02","modified_gmt":"2020-09-02T15:40:02","slug":"que-hacemos","status":"publish","type":"page","link":"https:\/\/luminafactoria.cl\/?page_id=118","title":{"rendered":"Que Hacemos"},"content":{"rendered":"\n<p>En Lumina Factor\u00eda nos especializamos en la investigaci\u00f3n escrita y fotogr\u00e1fica de temas patrimoniales actuales. Nuestro desaf\u00edo es capturar, desentra\u00f1ar y presentar nuestras tradiciones y su evoluci\u00f3n. <\/p>\n\n\n\n<p>No hay nada tan esquivo, ni tan permanente como la cultura en la que nos desenvolvemos. Ella est\u00e1 siempre evolucionando a nuestro alrededor.  Por que las personas cambiamos y esa transformaci\u00f3n afecta a nuestra mirada y nuestras costumbres. <\/p>\n\n\n\n<p>Para no olvidar, para poder comprender, para maravillarnos todos los d\u00edas es que presentamos estas investigaciones mediante libros sumamente est\u00e9ticos.<\/p>\n","protected":false},"excerpt":{"rendered":"<p>En Lumina Factor\u00eda nos especializamos en la investigaci\u00f3n escrita y fotogr\u00e1fica de temas patrimoniales actuales. Nuestro desaf\u00edo es capturar, desentra\u00f1ar y presentar nuestras tradiciones y su evoluci\u00f3n. No hay nada tan esquivo, ni tan permanente como la cultura en la que nos desenvolvemos. Ella est\u00e1 siempre evolucionando a nuestro alrededor. Por que las personas cambiamos &hellip; <\/p>\n<p class=\"link-more\"><a href=\"https:\/\/luminafactoria.cl\/?page_id=118\" class=\"more-link\">Continua leyendo<span class=\"screen-reader-text\"> &#8220;Que Hacemos&#8221;<\/span><\/a><\/p>\n","protected":false},"author":1,"featured_media":0,"parent":0,"menu_order":0,"comment_status":"closed","ping_status":"closed","template":"","meta":{"footnotes":""},"class_list":["post-118","page","type-page","status-publish","hentry"],"_links":{"self":[{"href":"https:\/\/luminafactoria.cl\/index.php?rest_route=\/wp\/v2\/pages\/118","targetHints":{"allow":["GET"]}}],"collection":[{"href":"https:\/\/luminafactoria.cl\/index.php?rest_route=\/wp\/v2\/pages"}],"about":[{"href":"https:\/\/luminafactoria.cl\/index.php?rest_route=\/wp\/v2\/types\/page"}],"author":[{"embeddable":true,"href":"https:\/\/luminafactoria.cl\/index.php?rest_route=\/wp\/v2\/users\/1"}],"replies":[{"embeddable":true,"href":"https:\/\/luminafactoria.cl\/index.php?rest_route=%2Fwp%2Fv2%2Fcomments&post=118"}],"version-history":[{"count":4,"href":"https:\/\/luminafactoria.cl\/index.php?rest_route=\/wp\/v2\/pages\/118\/revisions"}],"predecessor-version":[{"id":222,"href":"https:\/\/luminafactoria.cl\/index.php?rest_route=\/wp\/v2\/pages\/118\/revisions\/222"}],"wp:attachment":[{"href":"https:\/\/luminafactoria.cl\/index.php?rest_route=%2Fwp%2Fv2%2Fmedia&parent=118"}],"curies":[{"name":"wp","href":"https:\/\/api.w.org\/{rel}","templated":true}]}}